{"id":56484,"date":"2020-11-18T15:31:02","date_gmt":"2020-11-18T20:31:02","guid":{"rendered":"https:\/\/atos.com.co\/profitness\/?page_id=56484"},"modified":"2020-12-02T10:14:43","modified_gmt":"2020-12-02T15:14:43","slug":"pisos","status":"publish","type":"page","link":"https:\/\/atos.com.co\/profitness\/pisos\/","title":{"rendered":"pisos-Profitness"},"content":{"rendered":"\n<div class=\"row align-center\"  id=\"row-1330738242\">\n\n<div class=\"col medium-7 small-12 large-7\"  ><div class=\"col-inner\"  >\n\n\t<div class=\"img has-hover x md-x lg-x y md-y lg-y\" id=\"image_1249736929\">\n\t\t\t\t\t\t\t\t<div class=\"img-inner dark\" >\n\t\t\t<img width=\"1020\" height=\"798\" src=\"https:\/\/atos.com.co\/profitness\/wp-content\/uploads\/2020\/11\/PISOS-FOTO-PRINCIPAL-1023x800.jpg\" class=\"attachment-large size-large\" alt=\"\" loading=\"lazy\" srcset=\"https:\/\/atos.com.co\/profitness\/wp-content\/uploads\/2020\/11\/PISOS-FOTO-PRINCIPAL-1023x800.jpg 1023w, https:\/\/atos.com.co\/profitness\/wp-content\/uploads\/2020\/11\/PISOS-FOTO-PRINCIPAL-512x400.jpg 512w, https:\/\/atos.com.co\/profitness\/wp-content\/uploads\/2020\/11\/PISOS-FOTO-PRINCIPAL-768x600.jpg 768w, https:\/\/atos.com.co\/profitness\/wp-content\/uploads\/2020\/11\/PISOS-FOTO-PRINCIPAL-510x399.jpg 510w, https:\/\/atos.com.co\/profitness\/wp-content\/uploads\/2020\/11\/PISOS-FOTO-PRINCIPAL.jpg 1100w\" sizes=\"(max-width: 1020px) 100vw, 1020px\" \/>\t\t\t\t\t\t\n\t\t\t\t\t<\/div>\n\t\t\t\t\t\t\t\t\n<style scope=\"scope\">\n\n#image_1249736929 {\n  width: 100%;\n}\n<\/style>\n\t<\/div>\n\t\n\n<h2 class=\"uppercase\" style=\"text-align: center;\"><span style=\"color: #003366;\">HOME<\/span><\/h2>\n<h2 class=\"uppercase\" style=\"text-align: center;\"><strong><span style=\"color: #003366;\">FITNESS<\/span><\/strong><\/h2>\n<p style=\"text-align: center;\"><span style=\"font-size: 115%; color: #003366;\"><strong>Suelo para Gimnasio en casa de EVA de alta densidad.\u00a0<\/strong><\/span><\/p>\n<p style=\"text-align: center;\">\u00a0<\/p>\n<p style=\"text-align: center;\"><span style=\"font-size: 115%; color: #003366;\">Protecci\u00f3n para el suelo, para m\u00e1quinas y equipamiento fitness.\u00a0Superficie resistente a los impactos e impermeable que no\u00a0filtra agua ni sudor y no desprende mal\u00a0olor. Muy f\u00e1cil de limpiar<\/span><\/p>\n<p style=\"text-align: center;\">\u00a0<\/p>\n<p style=\"text-align: center;\"><span style=\"font-size: 115%; color: #003366;\">El set HOME FITNESS con terminaci\u00f3n uni\u00f3n puzzle para un f\u00e1cil montaje y desmontaje del suelo.<\/span><\/p>\n<p><span style=\"color: #003366;\">(Precio por UND)<\/span><\/p>\n<ul>\n<li><span style=\"color: #003366;\">Medida por pieza: 60 x 60 cm.<\/span><\/li>\n<li><span style=\"color: #003366;\">Espesor: 15 mm.<\/span><\/li>\n<li><span style=\"color: #003366;\">Material: EVA (Etil Vinil Acetato)<\/span><\/li>\n<li><span style=\"color: #003366;\">Impermeable y antibacteriana.<\/span><\/li>\n<\/ul>\n<p>\u00a0<\/p>\n\n<\/div><\/div>\n\n\n<style scope=\"scope\">\n\n<\/style>\n<\/div>\n<div class=\"row row-collapse row-full-width\"  id=\"row-1575459998\">\n\n<div class=\"col medium-4 large-4\"  ><div class=\"col-inner\"  >\n\n\n<\/div><\/div>\n<div class=\"col medium-4 large-4\"  ><div class=\"col-inner\"  >\n\n\n  \n    <div class=\"row large-columns-1 medium-columns- small-columns- row-small slider row-slider slider-nav-reveal slider-nav-push\"  data-flickity-options='{\"imagesLoaded\": true, \"groupCells\": \"100%\", \"dragThreshold\" : 5, \"cellAlign\": \"left\",\"wrapAround\": true,\"prevNextButtons\": true,\"percentPosition\": true,\"pageDots\": false, \"rightToLeft\": false, \"autoPlay\" : false}'>\n\n  \t<\/div>\n\n\n<\/div><\/div>\n<div class=\"col medium-4 large-4\"  ><div class=\"col-inner\"  >\n\n\n<\/div><\/div>\n\n\n<style scope=\"scope\">\n\n<\/style>\n<\/div>\n\t<div class=\"img has-hover x md-x lg-x y md-y lg-y\" id=\"image_781398943\">\n\t\t\t\t\t\t\t\t<div class=\"img-inner dark\" >\n\t\t\t<img width=\"1020\" height=\"779\" src=\"https:\/\/atos.com.co\/profitness\/wp-content\/uploads\/2020\/12\/Calidad-1048x800.jpg\" class=\"attachment-large size-large\" alt=\"\" loading=\"lazy\" srcset=\"https:\/\/atos.com.co\/profitness\/wp-content\/uploads\/2020\/12\/Calidad-1048x800.jpg 1048w, https:\/\/atos.com.co\/profitness\/wp-content\/uploads\/2020\/12\/Calidad-524x400.jpg 524w, https:\/\/atos.com.co\/profitness\/wp-content\/uploads\/2020\/12\/Calidad-768x586.jpg 768w, https:\/\/atos.com.co\/profitness\/wp-content\/uploads\/2020\/12\/Calidad-510x389.jpg 510w, https:\/\/atos.com.co\/profitness\/wp-content\/uploads\/2020\/12\/Calidad.jpg 1100w\" sizes=\"(max-width: 1020px) 100vw, 1020px\" \/>\t\t\t\t\t\t\n\t\t\t\t\t<\/div>\n\t\t\t\t\t\t\t\t\n<style scope=\"scope\">\n\n#image_781398943 {\n  width: 100%;\n}\n<\/style>\n\t<\/div>\n\t\n\n\n","protected":false},"excerpt":{"rendered":"","protected":false},"author":1,"featured_media":0,"parent":0,"menu_order":0,"comment_status":"closed","ping_status":"closed","template":"","meta":[],"_links":{"self":[{"href":"https:\/\/atos.com.co\/profitness\/wp-json\/wp\/v2\/pages\/56484"}],"collection":[{"href":"https:\/\/atos.com.co\/profitness\/wp-json\/wp\/v2\/pages"}],"about":[{"href":"https:\/\/atos.com.co\/profitness\/wp-json\/wp\/v2\/types\/page"}],"author":[{"embeddable":true,"href":"https:\/\/atos.com.co\/profitness\/wp-json\/wp\/v2\/users\/1"}],"replies":[{"embeddable":true,"href":"https:\/\/atos.com.co\/profitness\/wp-json\/wp\/v2\/comments?post=56484"}],"version-history":[{"count":7,"href":"https:\/\/atos.com.co\/profitness\/wp-json\/wp\/v2\/pages\/56484\/revisions"}],"predecessor-version":[{"id":56657,"href":"https:\/\/atos.com.co\/profitness\/wp-json\/wp\/v2\/pages\/56484\/revisions\/56657"}],"wp:attachment":[{"href":"https:\/\/atos.com.co\/profitness\/wp-json\/wp\/v2\/media?parent=56484"}],"curies":[{"name":"wp","href":"https:\/\/api.w.org\/{rel}","templated":true}]}}